{"id":80,"date":"2015-09-19T16:29:21","date_gmt":"2015-09-19T14:29:21","guid":{"rendered":"http:\/\/blog.fz-gaggenau.de\/?page_id=80"},"modified":"2020-07-24T18:10:10","modified_gmt":"2020-07-24T16:10:10","slug":"vorstandschaft","status":"publish","type":"page","link":"https:\/\/fanfarenzug-gaggenau.de\/?page_id=80","title":{"rendered":"Vorstandschaft"},"content":{"rendered":"<p>In der letzten Generalversammlung vom 21<span style=\"display: inline !important; float: none; background-color: transparent; color: #555555; font-family: 'Source Sans Pro'; font-size: 18px; font-size-adjust: none; font-stretch: 100%; font-style: normal; font-variant: normal; font-weight: 400; letter-spacing: normal; line-height: 32.4px; orphans: 2; text-align: left; text-decoration: none; text-indent: 0px; text-transform: none; -webkit-text-stroke-width: 0px; white-space: normal; word-spacing: 0px;\">.Juli 2020<\/span> standen einige Neuwahlen auf der Tagesordnung. Die aktuelle Vorstandschaft des Fanfarenzug Gaggenau e.V. setzt sich aus folgenden Personen zusammen:<\/p>\n<p><img loading=\"lazy\" decoding=\"async\" class=\"aligncenter wp-image-1486 size-large\" src=\"https:\/\/fanfarenzug-gaggenau.de\/wp-content\/uploads\/2019\/06\/img_3083-1024x768.jpg\" alt=\"\" width=\"900\" height=\"675\" srcset=\"https:\/\/fanfarenzug-gaggenau.de\/wp-content\/uploads\/2019\/06\/img_3083-1024x768.jpg 1024w, https:\/\/fanfarenzug-gaggenau.de\/wp-content\/uploads\/2019\/06\/img_3083-300x225.jpg 300w, https:\/\/fanfarenzug-gaggenau.de\/wp-content\/uploads\/2019\/06\/img_3083-768x576.jpg 768w, https:\/\/fanfarenzug-gaggenau.de\/wp-content\/uploads\/2019\/06\/img_3083-150x113.jpg 150w\" sizes=\"auto, (max-width: 900px) 100vw, 900px\" \/><\/p>\n<p><em>Von links: Nicole Abendsch\u00f6n (Kassenpr\u00fcferin), Julia G\u00f6tzmann (Kassenpr\u00fcferin), Jessica Danes (Schriftf\u00fchrerin), Christine Vogel (2. Vorsitzende), Dagmar Dieterle (Materialwartin), Hans-J\u00f6rg Kist (musikalische Leitung, Beisitzer), Jochen Dietze (Beisitzer), Christian Paulusch (Kassier) und Peter Eidam (1. Vorsitzender). Auf dem Bild fehlt Beate Jocher (Beisitzerin).<\/em><\/p>\n<pre><em>Das Bild wurde bereits 2019 aufgenommen.<\/em><\/pre>\n<p>&nbsp;<\/p>\n","protected":false},"excerpt":{"rendered":"<p>In der letzten Generalversammlung vom 21.Juli 2020 standen einige Neuwahlen auf der Tagesordnung. Die aktuelle Vorstandschaft des Fanfarenzug Gaggenau e.V. setzt sich aus folgenden Personen zusammen: Von links: Nicole Abendsch\u00f6n (Kassenpr\u00fcferin), Julia G\u00f6tzmann (Kassenpr\u00fcferin), Jessica Danes (Schriftf\u00fchrerin), Christine Vogel (2. Vorsitzende), Dagmar Dieterle (Materialwartin), Hans-J\u00f6rg Kist (musikalische Leitung, Beisitzer), Jochen\u2026<\/p>\n<p> <a class=\"continue-reading-link\" href=\"https:\/\/fanfarenzug-gaggenau.de\/?page_id=80\"><span>Weiterlesen<\/span><i class=\"crycon-right-dir\"><\/i><\/a> <\/p>\n","protected":false},"author":6,"featured_media":0,"parent":36,"menu_order":3,"comment_status":"closed","ping_status":"closed","template":"templates\/template-onecolumn.php","meta":{"footnotes":""},"class_list":["post-80","page","type-page","status-publish","hentry"],"_links":{"self":[{"href":"https:\/\/fanfarenzug-gaggenau.de\/index.php?rest_route=\/wp\/v2\/pages\/80","targetHints":{"allow":["GET"]}}],"collection":[{"href":"https:\/\/fanfarenzug-gaggenau.de\/index.php?rest_route=\/wp\/v2\/pages"}],"about":[{"href":"https:\/\/fanfarenzug-gaggenau.de\/index.php?rest_route=\/wp\/v2\/types\/page"}],"author":[{"embeddable":true,"href":"https:\/\/fanfarenzug-gaggenau.de\/index.php?rest_route=\/wp\/v2\/users\/6"}],"replies":[{"embeddable":true,"href":"https:\/\/fanfarenzug-gaggenau.de\/index.php?rest_route=%2Fwp%2Fv2%2Fcomments&post=80"}],"version-history":[{"count":6,"href":"https:\/\/fanfarenzug-gaggenau.de\/index.php?rest_route=\/wp\/v2\/pages\/80\/revisions"}],"predecessor-version":[{"id":1643,"href":"https:\/\/fanfarenzug-gaggenau.de\/index.php?rest_route=\/wp\/v2\/pages\/80\/revisions\/1643"}],"up":[{"embeddable":true,"href":"https:\/\/fanfarenzug-gaggenau.de\/index.php?rest_route=\/wp\/v2\/pages\/36"}],"wp:attachment":[{"href":"https:\/\/fanfarenzug-gaggenau.de\/index.php?rest_route=%2Fwp%2Fv2%2Fmedia&parent=80"}],"curies":[{"name":"wp","href":"https:\/\/api.w.org\/{rel}","templated":true}]}}