{"id":63,"date":"2015-09-16T20:27:53","date_gmt":"2015-09-16T18:27:53","guid":{"rendered":"http:\/\/blog.fz-gaggenau.de\/?page_id=63"},"modified":"2015-10-18T18:15:30","modified_gmt":"2015-10-18T16:15:30","slug":"musik","status":"publish","type":"page","link":"https:\/\/fanfarenzug-gaggenau.de\/?page_id=63","title":{"rendered":"Musik"},"content":{"rendered":"<p>Der Fanfarenzug Gaggenau hat neben der klassischen Fanfarenmusik auch einige moderne Musikst\u00fccke in seinem Repertoire. An zahlreichen Umz\u00fcgen und offiziellen Anl\u00e4ssen pr\u00e4sentiert sich der Fanfarenzug unterj\u00e4hrig vermehrt mit M\u00e4rschen und einigen Evergreens. Bei B\u00fchnenauftritten und nat\u00fcrlich bei den Fremdensitzungen tischt der Fanfarenzug auch anspruchsvolle St\u00fccke auf. Hier finden Sie einen Auszug aus dem wechselnden\u00a0Musikprogramm:<\/p>\n<table class=\" alignleft\">\n<tbody>\n<tr>\n<td><\/td>\n<td>\n<h3>Klassische Fanfarenmusik<\/h3>\n<\/td>\n<td><\/td>\n<td>\n<h3>Moderne Unterhaltungsmusik<\/h3>\n<\/td>\n<\/tr>\n<tr>\n<td><\/td>\n<td>Badner-Lied<br \/>\nBlau Wei\u00df<br \/>\nBreisgau Fanfare<br \/>\nDer Zugf\u00fchrer<br \/>\nDortmunderFehrbelliner Reitermarsch<br \/>\nHohenbaden Fanfare<br \/>\nK\u00f6nig Richard<br \/>\nLarida<br \/>\nMarsch der Feldtrompeter und Heerpauker<br \/>\nMilitary Escort<br \/>\nM\u00fcnchner<br \/>\nPaukenmarsch<br \/>\nSabinchen<br \/>\nSchwarzwaldmarie<br \/>\nSemper Fidelis<br \/>\nSybillen-Fanfare<br \/>\nTrois Jeunes Tambours<br \/>\nTrommelbub<br \/>\nWhen the Saints go marching in<\/td>\n<td><img loading=\"lazy\" decoding=\"async\" class=\"alignleft wp-image-73 size-medium\" src=\"https:\/\/fanfarenzug-gaggenau.de\/wp-content\/uploads\/2015\/09\/musik-200x300.jpg\" alt=\"musik\" width=\"200\" height=\"300\" srcset=\"https:\/\/fanfarenzug-gaggenau.de\/wp-content\/uploads\/2015\/09\/musik-200x300.jpg 200w, https:\/\/fanfarenzug-gaggenau.de\/wp-content\/uploads\/2015\/09\/musik-683x1024.jpg 683w, https:\/\/fanfarenzug-gaggenau.de\/wp-content\/uploads\/2015\/09\/musik-100x150.jpg 100w, https:\/\/fanfarenzug-gaggenau.de\/wp-content\/uploads\/2015\/09\/musik.jpg 1456w\" sizes=\"auto, (max-width: 200px) 100vw, 200px\" \/><img loading=\"lazy\" decoding=\"async\" class=\"alignleft wp-image-76 size-medium\" src=\"https:\/\/fanfarenzug-gaggenau.de\/wp-content\/uploads\/2015\/09\/musik3-200x300.jpg\" alt=\"musik3\" width=\"200\" height=\"300\" srcset=\"https:\/\/fanfarenzug-gaggenau.de\/wp-content\/uploads\/2015\/09\/musik3-200x300.jpg 200w, https:\/\/fanfarenzug-gaggenau.de\/wp-content\/uploads\/2015\/09\/musik3-683x1024.jpg 683w, https:\/\/fanfarenzug-gaggenau.de\/wp-content\/uploads\/2015\/09\/musik3-100x150.jpg 100w, https:\/\/fanfarenzug-gaggenau.de\/wp-content\/uploads\/2015\/09\/musik3.jpg 1456w\" sizes=\"auto, (max-width: 200px) 100vw, 200px\" \/><\/td>\n<td>Abba Medley<br \/>\nBarbara Ann<br \/>\nBasket Case<br \/>\nComment ca va<br \/>\nDown by the Riverside<br \/>\nEin PrositFanfarensamba<br \/>\nFluch der Karibik<br \/>\nGeisterreiter<br \/>\nGo West<br \/>\nI will follow him<br \/>\nI will survive<br \/>\nLive is Life<br \/>\nLet me entertain you<br \/>\nLet\u00b4s Twist again!<br \/>\nMama Loo<br \/>\nMajor Tom<br \/>\nNarcotic<br \/>\nPirates of the Carribean<br \/>\nRing of Fire<br \/>\nRock around the clock<br \/>\nSch\u00f6ner Gruss, und auf Wiederseh&#8217;n<br \/>\nStars and Stripes<br \/>\nSurfin USA<br \/>\nTake me home<br \/>\nTanze Samba mit mir<br \/>\nTequila<br \/>\nWe will rock you<br \/>\nWhat a feeling<br \/>\nYellow Submarine<\/td>\n<\/tr>\n<\/tbody>\n<\/table>\n","protected":false},"excerpt":{"rendered":"<p>Der Fanfarenzug Gaggenau hat neben der klassischen Fanfarenmusik auch einige moderne Musikst\u00fccke in seinem Repertoire. An zahlreichen Umz\u00fcgen und offiziellen Anl\u00e4ssen pr\u00e4sentiert sich der Fanfarenzug unterj\u00e4hrig vermehrt mit M\u00e4rschen und einigen Evergreens. Bei B\u00fchnenauftritten und nat\u00fcrlich bei den Fremdensitzungen tischt der Fanfarenzug auch anspruchsvolle St\u00fccke auf. Hier finden Sie einen\u2026<\/p>\n<p> <a class=\"continue-reading-link\" href=\"https:\/\/fanfarenzug-gaggenau.de\/?page_id=63\"><span>Weiterlesen<\/span><i class=\"crycon-right-dir\"><\/i><\/a> <\/p>\n","protected":false},"author":6,"featured_media":0,"parent":36,"menu_order":0,"comment_status":"closed","ping_status":"closed","template":"templates\/template-onecolumn.php","meta":{"footnotes":""},"class_list":["post-63","page","type-page","status-publish","hentry"],"_links":{"self":[{"href":"https:\/\/fanfarenzug-gaggenau.de\/index.php?rest_route=\/wp\/v2\/pages\/63","targetHints":{"allow":["GET"]}}],"collection":[{"href":"https:\/\/fanfarenzug-gaggenau.de\/index.php?rest_route=\/wp\/v2\/pages"}],"about":[{"href":"https:\/\/fanfarenzug-gaggenau.de\/index.php?rest_route=\/wp\/v2\/types\/page"}],"author":[{"embeddable":true,"href":"https:\/\/fanfarenzug-gaggenau.de\/index.php?rest_route=\/wp\/v2\/users\/6"}],"replies":[{"embeddable":true,"href":"https:\/\/fanfarenzug-gaggenau.de\/index.php?rest_route=%2Fwp%2Fv2%2Fcomments&post=63"}],"version-history":[{"count":13,"href":"https:\/\/fanfarenzug-gaggenau.de\/index.php?rest_route=\/wp\/v2\/pages\/63\/revisions"}],"predecessor-version":[{"id":119,"href":"https:\/\/fanfarenzug-gaggenau.de\/index.php?rest_route=\/wp\/v2\/pages\/63\/revisions\/119"}],"up":[{"embeddable":true,"href":"https:\/\/fanfarenzug-gaggenau.de\/index.php?rest_route=\/wp\/v2\/pages\/36"}],"wp:attachment":[{"href":"https:\/\/fanfarenzug-gaggenau.de\/index.php?rest_route=%2Fwp%2Fv2%2Fmedia&parent=63"}],"curies":[{"name":"wp","href":"https:\/\/api.w.org\/{rel}","templated":true}]}}