{"id":46,"date":"2015-09-16T20:04:04","date_gmt":"2015-09-16T18:04:04","guid":{"rendered":"http:\/\/blog.fz-gaggenau.de\/?page_id=46"},"modified":"2015-11-15T12:40:45","modified_gmt":"2015-11-15T11:40:45","slug":"vereinshistorie","status":"publish","type":"page","link":"https:\/\/fanfarenzug-gaggenau.de\/?page_id=46","title":{"rendered":"Vereinshistorie"},"content":{"rendered":"<p>Hier k\u00f6nnen Sie die Vereinshistorie (Chronik) des Fanfarenzugs Gaggenau e.V. nachlesen, die anl\u00e4sslich des Jubil\u00e4ums im Jahr 2010 erstellt wurde.<br \/>\nEs wurden jeweils 10 Jahre zu einem Dokument zusammengefasst:<\/p>\n<table>\n<tbody>\n<tr>\n<td>\n<p><div id=\"attachment_155\" style=\"width: 128px\" class=\"wp-caption alignnone\"><a href=\"https:\/\/fanfarenzug-gaggenau.de\/wp-content\/uploads\/2015\/09\/1960-1970.pdf\"><img loading=\"lazy\" decoding=\"async\" aria-describedby=\"caption-attachment-155\" class=\"wp-image-155 size-full\" src=\"https:\/\/fanfarenzug-gaggenau.de\/wp-content\/uploads\/2015\/09\/1960_mini.jpg\" alt=\"1960 -1970\" width=\"118\" height=\"86\" \/><\/a><p id=\"caption-attachment-155\" class=\"wp-caption-text\">1960 -1970<\/p><\/div><\/td>\n<td>\n<p><div id=\"attachment_156\" style=\"width: 128px\" class=\"wp-caption alignnone\"><a href=\"https:\/\/fanfarenzug-gaggenau.de\/wp-content\/uploads\/2015\/09\/1970-1980.pdf\" target=\"_blank\"><img loading=\"lazy\" decoding=\"async\" aria-describedby=\"caption-attachment-156\" class=\"wp-image-156 size-full\" src=\"https:\/\/fanfarenzug-gaggenau.de\/wp-content\/uploads\/2015\/09\/1970_mini.jpg\" alt=\"1970 - 1980\" width=\"118\" height=\"86\" \/><\/a><p id=\"caption-attachment-156\" class=\"wp-caption-text\">1970 &#8211; 1980<\/p><\/div><\/td>\n<td>\n<p><div id=\"attachment_157\" style=\"width: 128px\" class=\"wp-caption alignnone\"><a href=\"https:\/\/fanfarenzug-gaggenau.de\/wp-content\/uploads\/2015\/09\/1980-1990.pdf\" target=\"_blank\"><img loading=\"lazy\" decoding=\"async\" aria-describedby=\"caption-attachment-157\" class=\"wp-image-157 size-full\" src=\"https:\/\/fanfarenzug-gaggenau.de\/wp-content\/uploads\/2015\/09\/1980_mini.jpg\" alt=\"1980 - 1990\" width=\"118\" height=\"86\" \/><\/a><p id=\"caption-attachment-157\" class=\"wp-caption-text\">1980 &#8211; 1990<\/p><\/div><\/td>\n<td>\n<p><div id=\"attachment_158\" style=\"width: 128px\" class=\"wp-caption alignnone\"><a href=\"https:\/\/fanfarenzug-gaggenau.de\/wp-content\/uploads\/2015\/09\/1990-2000.pdf\" target=\"_blank\"><img loading=\"lazy\" decoding=\"async\" aria-describedby=\"caption-attachment-158\" class=\"wp-image-158 size-full\" src=\"https:\/\/fanfarenzug-gaggenau.de\/wp-content\/uploads\/2015\/09\/1990_mini.jpg\" alt=\"1990 - 2000\" width=\"118\" height=\"86\" \/><\/a><p id=\"caption-attachment-158\" class=\"wp-caption-text\">1990 &#8211; 2000<\/p><\/div><\/td>\n<td>\n<p><div id=\"attachment_159\" style=\"width: 128px\" class=\"wp-caption alignnone\"><a href=\"https:\/\/fanfarenzug-gaggenau.de\/wp-content\/uploads\/2015\/09\/2000-2010.pdf\"><img loading=\"lazy\" decoding=\"async\" aria-describedby=\"caption-attachment-159\" class=\"size-full wp-image-159\" src=\"https:\/\/fanfarenzug-gaggenau.de\/wp-content\/uploads\/2015\/09\/2000_mini.jpg\" alt=\"2000 - 2010\" width=\"118\" height=\"86\" \/><\/a><p id=\"caption-attachment-159\" class=\"wp-caption-text\">2000 &#8211; 2010<\/p><\/div><\/td>\n<\/tr>\n<\/tbody>\n<\/table>\n<p>In diesen Jahren hatten folgende Personen die Funktion des <strong>Musikalischen Leiters<\/strong> \u00fcbernommen:<\/p>\n<ul>\n<li><span style=\"color: #da1d11;\">1959 &#8211; 1961 Heinrich Gries<\/span><\/li>\n<li><span style=\"color: #da1d11;\">1961 &#8211; 1965 Wolfgang Geiges<\/span><\/li>\n<li><span style=\"color: #da1d11;\">1966 &#8211; 1970 J\u00fcrgen Oesterle<\/span><\/li>\n<li><span style=\"color: #da1d11;\">1970 &#8211; 1974 Gerd Abele<\/span><\/li>\n<li><span style=\"color: #da1d11;\">1974 &#8211; 1993 Florian Schnaible<\/span><\/li>\n<li><span style=\"color: #da1d11;\">1993 &#8211; 2001 Andreas Haas<\/span><\/li>\n<li><span style=\"color: #da1d11;\">Seit &#8212; 2001 Hans-J\u00f6rg Kist<\/span><\/li>\n<\/ul>\n<p>Die Funktion des <strong>Zugf\u00fchrers<\/strong> hatten folgende Personen besetzt:<\/p>\n<ul>\n<li><span style=\"color: #da1d11;\">1966 &#8211; 1970 G\u00fcnter Steiger<\/span><\/li>\n<li><span style=\"color: #da1d11;\">1970 &#8211; 1975 Gerd Gr\u00f6sser<\/span><\/li>\n<li><span style=\"color: #da1d11;\">1975 &#8211; 1985 B. Fortenbacher<\/span><\/li>\n<li><span style=\"color: #da1d11;\">1985 &#8211; 1987 Bruno Vogel<\/span><\/li>\n<li><span style=\"color: #da1d11;\">1987 &#8211; 1992 B. Fortenbacher<\/span><\/li>\n<li><span style=\"color: #da1d11;\">1992 &#8211; 1996 Andreas Haas<\/span><\/li>\n<li><span style=\"color: #da1d11;\">1996 &#8211; 1999 Michael Vogt<\/span><\/li>\n<li><span style=\"color: #da1d11;\">1999 &#8211; 2012 Peter Meyer<\/span><\/li>\n<li><span style=\"color: #da1d11;\">Seit\u00a0 &#8212; 2012 Peter Eidam<\/span><\/li>\n<\/ul>\n","protected":false},"excerpt":{"rendered":"<p>Hier k\u00f6nnen Sie die Vereinshistorie (Chronik) des Fanfarenzugs Gaggenau e.V. nachlesen, die anl\u00e4sslich des Jubil\u00e4ums im Jahr 2010 erstellt wurde. Es wurden jeweils 10 Jahre zu einem Dokument zusammengefasst: In diesen Jahren hatten folgende Personen die Funktion des Musikalischen Leiters \u00fcbernommen: 1959 &#8211; 1961 Heinrich Gries 1961 &#8211; 1965 Wolfgang\u2026<\/p>\n<p> <a class=\"continue-reading-link\" href=\"https:\/\/fanfarenzug-gaggenau.de\/?page_id=46\"><span>Weiterlesen<\/span><i class=\"crycon-right-dir\"><\/i><\/a> <\/p>\n","protected":false},"author":6,"featured_media":0,"parent":36,"menu_order":0,"comment_status":"closed","ping_status":"closed","template":"templates\/template-onecolumn.php","meta":{"footnotes":""},"class_list":["post-46","page","type-page","status-publish","hentry"],"_links":{"self":[{"href":"https:\/\/fanfarenzug-gaggenau.de\/index.php?rest_route=\/wp\/v2\/pages\/46","targetHints":{"allow":["GET"]}}],"collection":[{"href":"https:\/\/fanfarenzug-gaggenau.de\/index.php?rest_route=\/wp\/v2\/pages"}],"about":[{"href":"https:\/\/fanfarenzug-gaggenau.de\/index.php?rest_route=\/wp\/v2\/types\/page"}],"author":[{"embeddable":true,"href":"https:\/\/fanfarenzug-gaggenau.de\/index.php?rest_route=\/wp\/v2\/users\/6"}],"replies":[{"embeddable":true,"href":"https:\/\/fanfarenzug-gaggenau.de\/index.php?rest_route=%2Fwp%2Fv2%2Fcomments&post=46"}],"version-history":[{"count":14,"href":"https:\/\/fanfarenzug-gaggenau.de\/index.php?rest_route=\/wp\/v2\/pages\/46\/revisions"}],"predecessor-version":[{"id":162,"href":"https:\/\/fanfarenzug-gaggenau.de\/index.php?rest_route=\/wp\/v2\/pages\/46\/revisions\/162"}],"up":[{"embeddable":true,"href":"https:\/\/fanfarenzug-gaggenau.de\/index.php?rest_route=\/wp\/v2\/pages\/36"}],"wp:attachment":[{"href":"https:\/\/fanfarenzug-gaggenau.de\/index.php?rest_route=%2Fwp%2Fv2%2Fmedia&parent=46"}],"curies":[{"name":"wp","href":"https:\/\/api.w.org\/{rel}","templated":true}]}}