{"id":36,"date":"2015-09-16T19:24:12","date_gmt":"2015-09-16T17:24:12","guid":{"rendered":"http:\/\/blog.fz-gaggenau.de\/?page_id=36"},"modified":"2015-11-21T22:46:19","modified_gmt":"2015-11-21T21:46:19","slug":"verein","status":"publish","type":"page","link":"https:\/\/fanfarenzug-gaggenau.de\/?page_id=36","title":{"rendered":"Der Verein"},"content":{"rendered":"<p>Der Fanfarenzug Gaggenau wurde im Jahre 1960 gegr\u00fcndet und hat sich bis heute zu einem vielf\u00e4ltigen und modernen Verein entwickelt. Neben der klassischen Fanfarenmusik zaubert die &#8222;Stammkapelle&#8220; mit ihren Blasinstrumenten und Trommeln auch moderne Musikst\u00fccke aus ihren Klangk\u00f6rpern.<\/p>\n<p><img loading=\"lazy\" decoding=\"async\" class=\"aligncenter wp-image-40 size-full\" src=\"https:\/\/fanfarenzug-gaggenau.de\/wp-content\/uploads\/2015\/09\/Verein1.jpg\" alt=\"Verein1\" width=\"800\" height=\"533\" srcset=\"https:\/\/fanfarenzug-gaggenau.de\/wp-content\/uploads\/2015\/09\/Verein1.jpg 800w, https:\/\/fanfarenzug-gaggenau.de\/wp-content\/uploads\/2015\/09\/Verein1-300x200.jpg 300w, https:\/\/fanfarenzug-gaggenau.de\/wp-content\/uploads\/2015\/09\/Verein1-225x150.jpg 225w, https:\/\/fanfarenzug-gaggenau.de\/wp-content\/uploads\/2015\/09\/Verein1-150x100.jpg 150w\" sizes=\"auto, (max-width: 800px) 100vw, 800px\" \/><\/p>\n<p style=\"text-align: justify;\">Auf den Umz\u00fcgen und bei Auftritten wird der Fanfarenzug stets von seinem &#8222;Fussvolk&#8220; begleitet. Die Fahnentr\u00e4ger und Marketenderinnen tragen zu einem eindrucksvollen Gesamtbild des Zuges bei seinen Au\u00dfenterminen bei.<\/p>\n<p style=\"text-align: justify;\"><img loading=\"lazy\" decoding=\"async\" class=\"aligncenter wp-image-224\" src=\"https:\/\/fanfarenzug-gaggenau.de\/wp-content\/uploads\/2015\/09\/Verein4-1024x737.jpg\" alt=\"Verein4\" width=\"778\" height=\"560\" srcset=\"https:\/\/fanfarenzug-gaggenau.de\/wp-content\/uploads\/2015\/09\/Verein4-1024x737.jpg 1024w, https:\/\/fanfarenzug-gaggenau.de\/wp-content\/uploads\/2015\/09\/Verein4-300x216.jpg 300w, https:\/\/fanfarenzug-gaggenau.de\/wp-content\/uploads\/2015\/09\/Verein4-208x150.jpg 208w, https:\/\/fanfarenzug-gaggenau.de\/wp-content\/uploads\/2015\/09\/Verein4-150x108.jpg 150w\" sizes=\"auto, (max-width: 778px) 100vw, 778px\" \/><\/p>\n<p style=\"text-align: justify;\">Seit 2009 hat sich aus der Trommlerstimme eine besondere Percussionsgruppe formiert. FANZUTO, die FANfarenZUgTrOmmler begeistern das Publikum mit einem ganz besonderen Trommel- und Showstil.<\/p>\n<p><img loading=\"lazy\" decoding=\"async\" class=\"aligncenter size-full wp-image-43\" src=\"https:\/\/fanfarenzug-gaggenau.de\/wp-content\/uploads\/2015\/09\/Verein3.jpg\" alt=\"Verein3\" width=\"800\" height=\"456\" srcset=\"https:\/\/fanfarenzug-gaggenau.de\/wp-content\/uploads\/2015\/09\/Verein3.jpg 800w, https:\/\/fanfarenzug-gaggenau.de\/wp-content\/uploads\/2015\/09\/Verein3-300x171.jpg 300w, https:\/\/fanfarenzug-gaggenau.de\/wp-content\/uploads\/2015\/09\/Verein3-250x143.jpg 250w, https:\/\/fanfarenzug-gaggenau.de\/wp-content\/uploads\/2015\/09\/Verein3-150x86.jpg 150w\" sizes=\"auto, (max-width: 800px) 100vw, 800px\" \/><\/p>\n","protected":false},"excerpt":{"rendered":"<p>Der Fanfarenzug Gaggenau wurde im Jahre 1960 gegr\u00fcndet und hat sich bis heute zu einem vielf\u00e4ltigen und modernen Verein entwickelt. Neben der klassischen Fanfarenmusik zaubert die &#8222;Stammkapelle&#8220; mit ihren Blasinstrumenten und Trommeln auch moderne Musikst\u00fccke aus ihren Klangk\u00f6rpern. Auf den Umz\u00fcgen und bei Auftritten wird der Fanfarenzug stets von seinem\u2026<\/p>\n<p> <a class=\"continue-reading-link\" href=\"https:\/\/fanfarenzug-gaggenau.de\/?page_id=36\"><span>Weiterlesen<\/span><i class=\"crycon-right-dir\"><\/i><\/a> <\/p>\n","protected":false},"author":6,"featured_media":0,"parent":0,"menu_order":0,"comment_status":"closed","ping_status":"closed","template":"templates\/template-onecolumn.php","meta":{"footnotes":""},"class_list":["post-36","page","type-page","status-publish","hentry"],"_links":{"self":[{"href":"https:\/\/fanfarenzug-gaggenau.de\/index.php?rest_route=\/wp\/v2\/pages\/36","targetHints":{"allow":["GET"]}}],"collection":[{"href":"https:\/\/fanfarenzug-gaggenau.de\/index.php?rest_route=\/wp\/v2\/pages"}],"about":[{"href":"https:\/\/fanfarenzug-gaggenau.de\/index.php?rest_route=\/wp\/v2\/types\/page"}],"author":[{"embeddable":true,"href":"https:\/\/fanfarenzug-gaggenau.de\/index.php?rest_route=\/wp\/v2\/users\/6"}],"replies":[{"embeddable":true,"href":"https:\/\/fanfarenzug-gaggenau.de\/index.php?rest_route=%2Fwp%2Fv2%2Fcomments&post=36"}],"version-history":[{"count":9,"href":"https:\/\/fanfarenzug-gaggenau.de\/index.php?rest_route=\/wp\/v2\/pages\/36\/revisions"}],"predecessor-version":[{"id":228,"href":"https:\/\/fanfarenzug-gaggenau.de\/index.php?rest_route=\/wp\/v2\/pages\/36\/revisions\/228"}],"wp:attachment":[{"href":"https:\/\/fanfarenzug-gaggenau.de\/index.php?rest_route=%2Fwp%2Fv2%2Fmedia&parent=36"}],"curies":[{"name":"wp","href":"https:\/\/api.w.org\/{rel}","templated":true}]}}