{"id":110,"date":"2015-09-27T11:40:29","date_gmt":"2015-09-27T09:40:29","guid":{"rendered":"http:\/\/blog.fz-gaggenau.de\/?page_id=110"},"modified":"2023-07-30T17:59:07","modified_gmt":"2023-07-30T15:59:07","slug":"contact-us-page","status":"publish","type":"page","link":"https:\/\/fanfarenzug-gaggenau.de\/?page_id=110","title":{"rendered":"Kontakt"},"content":{"rendered":"\t<!-- wpshopmart team builder wrapper -->\r\n\t<div class=\"wpsm_team_2_b_row\" id=\"wpsm_team_2_b_row_1515\">\r\n\t\t<div class=\"wpsm_row\">  \r\n\t\t\t<style>\r\n\t\t\t#wpsm_team_2_b_row_1515 .wpsm_team_2_member_wrapper_inner h3{\r\n\t\t\t\tcolor:#000000 !important;\r\n\t\t\t\tfont-size:18px !important;\r\n\t\t\t\tfont-family:Open Sans !important;\r\n\t\t\t}\r\n\t\t\t\r\n\t\t\t#wpsm_team_2_b_row_1515 .wpsm_team_2_b_desig{\r\n\t\t\t\tcolor:#000000 !important;\r\n\t\t\t\tfont-size:14px !important;\r\n\t\t\t\tfont-family:Open Sans !important;\r\n\t\t\t}\r\n\t\t\t#wpsm_team_2_b_row_1515 .wpsm_team_2_b_desc{\r\n\t\t\t\tcolor:#000000 !important;\r\n\t\t\t\tfont-size:14px !important;\r\n\t\t\t\tfont-family:Open Sans !important;\r\n\t\t\t}\r\n\t\t\t#wpsm_team_2_b_row_1515 .wpsm_team_2_social_div a i{\r\n\t\t\t\tcolor:#4f4f4f !important;\r\n\t\t\t\tborder-color:#4f4f4f !important;\r\n\t\t\t}\r\n\t\t\t#wpsm_team_2_b_row_1515 .wpsm_team_2_member_wrapper{\r\n\t\t\t\tbackground:#ffffff !important;\r\n\t\t\t}\r\n\t\t\t\t\t\t<\/style>\r\n\t\t\t\t\t\t \r\n\t\t\t\t\t\r\n\t\t\t\t\t\r\n\t\t\t\t\t<div class=\"wpsm_col-md-3 wpsm_col-sm-6  wpsm-col-div\">\r\n\t\t\t\t\t\t<div class=\"wpsm_team_2_member_wrapper\">\r\n\t\t\t\t\t\t\t<img decoding=\"async\" class=\"img-responsive wpsm_team_2_mem_img\" src=\"https:\/\/fanfarenzug-gaggenau.de\/wp-content\/uploads\/2015\/09\/ffzlogo.bmp\" alt=\"Fanfarenzug Gaggenau e.V.\">\r\n\t\t\t\t\t\t\t<div class=\"wpsm_team_2_member_wrapper_inner\">\r\n\t\t\t\t\t\t\t\t<h3>\r\n\t\t\t\t\t\t\t\t\tFanfarenzug Gaggenau e.V.\t\t\t\t\t\t\t\t<\/h3>\r\n\t\t\t\t\t\t\t\t<span class=\"wpsm_team_2_b_desig\"> Allgemeine Anschrift <\/span> \t\t\t\t\t\t\t\t<div class=\"wpsm_team_2_social_div\">\r\n\t\t\t\t\t\t\t\t\t\t\t\t\t\t\t\t\t\t\t\t\t\t\t\t\t\t\t\t\t\t\t\t\t\t\t\t\t\t\t\t\t\t\t\t<\/div>\r\n\t\t\t\t\t\t\t\t<p class=\"wpsm_team_2_b_desc\"> <p>\r\nPostfach 1241\r\n76552 Gaggenau\r\n<\/p><p>\r\nkontakt@fanfarenzug-gaggenau.de\r\n<\/p>\r\nTelefonisch sind wir w\u00e4hrend der Proben Dienstags zu erreichen:\r\n+49 (0) 7225 74436  <\/p> \t\t\t\t\t\t\t\t\r\n\t\t\t\t\t\t\t<\/div>\r\n\t\t\t\t\t\t<\/div>\r\n\t\t\t\t\t<\/div>\r\n\t\t\t\t\t\r\n\t\t\t\t\t\t\t\t\t\t\t\t\r\n\t\t<\/div>\r\n\t<\/div>\r\n\r\n\t\n<h3>Direkt Kontakt mit uns aufnehmen!<\/h3>\n<p>Hier k\u00f6nnen Sie einfach und ohne Umwege Kontakt mit dem Fanfarenzug GroKaGe Gaggenau e.V. aufnehmen.<\/p>\n<p>F\u00fcllen Sie dazu einfach das Formular aus, erteilen Sie Ihre Zustimmung und bet\u00e4tigen Sie den &#8222;Absenden&#8220;-Button zum Abschicken Ihrer Nachricht!<\/p>\n<p>[forminator_form id=&#8220;1822&#8243;]<\/p>\n","protected":false},"excerpt":{"rendered":"<p>Direkt Kontakt mit uns aufnehmen! Hier k\u00f6nnen Sie einfach und ohne Umwege Kontakt mit dem Fanfarenzug GroKaGe Gaggenau e.V. aufnehmen. F\u00fcllen Sie dazu einfach das Formular aus, erteilen Sie Ihre Zustimmung und bet\u00e4tigen Sie den &#8222;Absenden&#8220;-Button zum Abschicken Ihrer Nachricht! [forminator_form id=&#8220;1822&#8243;]<\/p>\n<p> <a class=\"continue-reading-link\" href=\"https:\/\/fanfarenzug-gaggenau.de\/?p=1515\"><span>Weiterlesen<\/span><i class=\"crycon-right-dir\"><\/i><\/a> <\/p>\n","protected":false},"author":6,"featured_media":0,"parent":0,"menu_order":0,"comment_status":"closed","ping_status":"closed","template":"templates\/template-onecolumn.php","meta":{"footnotes":""},"class_list":["post-110","page","type-page","status-publish","hentry"],"_links":{"self":[{"href":"https:\/\/fanfarenzug-gaggenau.de\/index.php?rest_route=\/wp\/v2\/pages\/110","targetHints":{"allow":["GET"]}}],"collection":[{"href":"https:\/\/fanfarenzug-gaggenau.de\/index.php?rest_route=\/wp\/v2\/pages"}],"about":[{"href":"https:\/\/fanfarenzug-gaggenau.de\/index.php?rest_route=\/wp\/v2\/types\/page"}],"author":[{"embeddable":true,"href":"https:\/\/fanfarenzug-gaggenau.de\/index.php?rest_route=\/wp\/v2\/users\/6"}],"replies":[{"embeddable":true,"href":"https:\/\/fanfarenzug-gaggenau.de\/index.php?rest_route=%2Fwp%2Fv2%2Fcomments&post=110"}],"version-history":[{"count":17,"href":"https:\/\/fanfarenzug-gaggenau.de\/index.php?rest_route=\/wp\/v2\/pages\/110\/revisions"}],"predecessor-version":[{"id":1823,"href":"https:\/\/fanfarenzug-gaggenau.de\/index.php?rest_route=\/wp\/v2\/pages\/110\/revisions\/1823"}],"wp:attachment":[{"href":"https:\/\/fanfarenzug-gaggenau.de\/index.php?rest_route=%2Fwp%2Fv2%2Fmedia&parent=110"}],"curies":[{"name":"wp","href":"https:\/\/api.w.org\/{rel}","templated":true}]}}